{"id":631,"date":"2024-10-03T16:22:04","date_gmt":"2024-10-03T16:22:04","guid":{"rendered":"https:\/\/vitalfit.app\/lequipe\/"},"modified":"2025-09-16T14:43:04","modified_gmt":"2025-09-16T14:43:04","slug":"lequipes","status":"publish","type":"page","link":"https:\/\/vitalfit.app\/fr\/lequipes\/","title":{"rendered":"L&rsquo;\u00e9quipe"},"content":{"rendered":"<p>[et_pb_section fb_built=\u00a0\u00bb1&Prime; admin_label=\u00a0\u00bbHero\u00a0\u00bb _builder_version=\u00a0\u00bb4.24.3&Prime; _module_preset=\u00a0\u00bbdefault\u00a0\u00bb use_background_color_gradient=\u00a0\u00bbon\u00a0\u00bb background_color_gradient_direction=\u00a0\u00bb148deg\u00a0\u00bb background_color_gradient_stops=\u00a0\u00bb#ffffff 50%|rgba(255,255,255,0.85) 75%|rgba(255,255,255,0.36) 100%\u00a0\u00bb background_color_gradient_overlays_image=\u00a0\u00bbon\u00a0\u00bb background_color_gradient_start=\u00a0\u00bbrgba(0,0,0,0.5)\u00a0\u00bb background_color_gradient_end=\u00a0\u00bbrgba(0,0,0,0.75)\u00a0\u00bb background_image=\u00a0\u00bbhttps:\/\/images.unsplash.com\/photo-1541534741688-6078c6bfb5c5?ixid=M3w1ODkyNzF8MHwxfHNlYXJjaHwxMHx8YWN0aXZlJTIwc2VuaW9ycyUyMGV4ZXJjaXNpbmd8ZW58MHwwfHx8MTcyNzk3MjQxM3ww&#038;ixlib=rb-4.0.3&#038;fm=webp&#038;fit=crop&#038;crop=entropy&#038;w=1920&#038;h=1080&#038;q=20&#038;dpr=2&Prime; custom_padding=\u00a0\u00bb||||false|false\u00a0\u00bb locked=\u00a0\u00bboff\u00a0\u00bb collapsed=\u00a0\u00bboff\u00a0\u00bb global_colors_info=\u00a0\u00bb{}\u00a0\u00bb][et_pb_row column_structure=\u00a0\u00bb1_2,1_2&Prime; _builder_version=\u00a0\u00bb4.24.2&Prime; _module_preset=\u00a0\u00bb5138c454-be54-4233-bd3b-f8e6a8747976&Prime; locked=\u00a0\u00bboff\u00a0\u00bb global_colors_info=\u00a0\u00bb{}\u00a0\u00bb][et_pb_column type=\u00a0\u00bb1_2&Prime; _builder_version=\u00a0\u00bb4.23.1&Prime; _module_preset=\u00a0\u00bb73121f80-a3ef-4484-8763-c3f18e3c56d2&Prime; global_colors_info=\u00a0\u00bb{}\u00a0\u00bb][et_pb_heading title=\u00a0\u00bbRencontrez notre \u00e9quipe derri\u00e8re Vitalfit\u00a0\u00bb _builder_version=\u00a0\u00bb4.24.2&Prime; _module_preset=\u00a0\u00bbf0c675ea-2574-4d0e-b725-30f8550a8550&Prime; title_text_color=\u00a0\u00bbgcid-primary-color\u00a0\u00bb locked=\u00a0\u00bboff\u00a0\u00bb global_colors_info=\u00a0\u00bb{%22gcid-primary-color%22:%91%22title_text_color%22%93}\u00a0\u00bb][\/et_pb_heading][et_pb_heading title=\u00a0\u00bbLe plan d&rsquo;exercices dont vous avez besoin, cr\u00e9\u00e9 par la meilleure \u00e9quipe\u00a0\u00bb _builder_version=\u00a0\u00bb4.27.4&Prime; _module_preset=\u00a0\u00bbddeb8c09-9078-4424-bc15-2efb6572e28e\u00a0\u00bb title_font_size=\u00a0\u00bb59px\u00a0\u00bb locked=\u00a0\u00bboff\u00a0\u00bb global_colors_info=\u00a0\u00bb{}\u00a0\u00bb][\/et_pb_heading][et_pb_text _builder_version=\u00a0\u00bb4.24.2&Prime; _module_preset=\u00a0\u00bb2c55a9c4-feed-423b-9edb-ae0b5b365cac\u00a0\u00bb locked=\u00a0\u00bboff\u00a0\u00bb global_colors_info=\u00a0\u00bb{}\u00a0\u00bb]<\/p>\n<p>D\u00e9couvrez les experts qui personnalisent et supervisent vos programmes d&rsquo;activit\u00e9 physique, en veillant \u00e0 ce qu&rsquo;ils soient adapt\u00e9s \u00e0 vos besoins individuels.<\/p>\n<p>[\/et_pb_text][\/et_pb_column][et_pb_column type=\u00a0\u00bb1_2&Prime; _builder_version=\u00a0\u00bb4.23.1&Prime; _module_preset=\u00a0\u00bb73121f80-a3ef-4484-8763-c3f18e3c56d2&Prime; global_colors_info=\u00a0\u00bb{}\u00a0\u00bb][et_pb_image src=\u00a0\u00bbhttps:\/\/vitalfit.app\/wp-content\/uploads\/2025\/01\/photo-1630415187879-0b54f52c9238_crop.webp\u00a0\u00bb title_text=\u00a0\u00bbphoto-1630415187879-0b54f52c9238_crop\u00a0\u00bb _builder_version=\u00a0\u00bb4.27.4&Prime; _module_preset=\u00a0\u00bb1cc6152f-565c-4c4d-b0c9-cf8c9576c341&Prime; box_shadow_style=\u00a0\u00bbpreset4&Prime; box_shadow_horizontal=\u00a0\u00bb0px\u00a0\u00bb box_shadow_vertical=\u00a0\u00bb24px\u00a0\u00bb box_shadow_blur=\u00a0\u00bb72px\u00a0\u00bb box_shadow_spread=\u00a0\u00bb-12px\u00a0\u00bb locked=\u00a0\u00bboff\u00a0\u00bb global_colors_info=\u00a0\u00bb{}\u00a0\u00bb][\/et_pb_image][\/et_pb_column][\/et_pb_row][\/et_pb_section][et_pb_section fb_built=\u00a0\u00bb1&Prime; module_id=\u00a0\u00bb\u00e9quipe\u00a0\u00bb _builder_version=\u00a0\u00bb4.16&Prime; _module_preset=\u00a0\u00bbdefault\u00a0\u00bb background_color=\u00a0\u00bbrgba(255,255,255,0.33)\u00a0\u00bb global_colors_info=\u00a0\u00bb{}\u00a0\u00bb][et_pb_row column_structure=\u00a0\u00bb1_3,1_3,1_3&Prime; _builder_version=\u00a0\u00bb4.16&Prime; _module_preset=\u00a0\u00bbdefault\u00a0\u00bb global_colors_info=\u00a0\u00bb{}\u00a0\u00bb][et_pb_column type=\u00a0\u00bb1_3&Prime; _builder_version=\u00a0\u00bb4.16&Prime; _module_preset=\u00a0\u00bbdefault\u00a0\u00bb global_colors_info=\u00a0\u00bb{}\u00a0\u00bb][et_pb_team_member name=\u00a0\u00bbEnrique Gomez\u00a0\u00bb position=\u00a0\u00bbChef du marketing et de la technologie (CMT)\u00a0\u00bb image_url=\u00a0\u00bbhttps:\/\/vitalfit.app\/wp-content\/uploads\/2024\/10\/quique.jpg\u00a0\u00bb _builder_version=\u00a0\u00bb4.16&Prime; _module_preset=\u00a0\u00bbdefault\u00a0\u00bb header_text_align=\u00a0\u00bbcenter\u00a0\u00bb position_text_align=\u00a0\u00bbcenter\u00a0\u00bb position_text_color=\u00a0\u00bb#007aff\u00a0\u00bb global_colors_info=\u00a0\u00bb{}\u00a0\u00bb]<\/p>\n<p>Dipl\u00f4m\u00e9 en \u00e9tudes et techniques de march\u00e9 de l&rsquo;ICADE et en sociologie de l&rsquo;UCM, il a plus de 25 ans d&rsquo;exp\u00e9rience dans des soci\u00e9t\u00e9s d&rsquo;\u00e9tudes de march\u00e9 et, ces derni\u00e8res ann\u00e9es, dans l&rsquo;application de m\u00e9thodes bas\u00e9es sur les nouvelles technologies<br \/>.<\/p>\n<p>[\/et_pb_team_member][\/et_pb_column][et_pb_column type=\u00a0\u00bb1_3&Prime; _builder_version=\u00a0\u00bb4.16&Prime; _module_preset=\u00a0\u00bbdefault\u00a0\u00bb global_colors_info=\u00a0\u00bb{}\u00a0\u00bb][et_pb_team_member name=\u00a0\u00bbJaime Pe\u00f1as\u00a0\u00bb position=\u00a0\u00bbDirecteur g\u00e9n\u00e9ral (CEO)\u00a0\u00bb image_url=\u00a0\u00bbhttps:\/\/vitalfit.app\/wp-content\/uploads\/2024\/10\/jaime.jpg\u00a0\u00bb _builder_version=\u00a0\u00bb4.16&Prime; _module_preset=\u00a0\u00bbdefault\u00a0\u00bb header_text_align=\u00a0\u00bbcenter\u00a0\u00bb position_text_align=\u00a0\u00bbcenter\u00a0\u00bb position_text_color=\u00a0\u00bb#007aff\u00a0\u00bb global_colors_info=\u00a0\u00bb{}\u00a0\u00bb]<\/p>\n<p>Sp\u00e9cialiste universitaire de l&rsquo;entra\u00eenement adapt\u00e9 aux pathologies, il a travaill\u00e9 au d\u00e9veloppement de softawre pour des entit\u00e9s telles que la FAD ou la Junta de Castilla y Le\u00f3n. Cinq fois champion d&rsquo;Espagne et 14 fois international absolu avec l&rsquo;\u00e9quipe espagnole d&rsquo;athl\u00e9tisme. <\/p>\n<p>[\/et_pb_team_member][\/et_pb_column][et_pb_column type=\u00a0\u00bb1_3&Prime; _builder_version=\u00a0\u00bb4.16&Prime; _module_preset=\u00a0\u00bbdefault\u00a0\u00bb global_colors_info=\u00a0\u00bb{}\u00a0\u00bb][et_pb_team_member name=\u00a0\u00bbDiego Cebri\u00e1n\u00a0\u00bb position=\u00a0\u00bbDirecteur des syst\u00e8mes d&rsquo;information (DSI) et ing\u00e9nieur commercial\u00a0\u00bb image_url=\u00a0\u00bbhttps:\/\/vitalfit.app\/wp-content\/uploads\/2024\/10\/DiegoCebrian-300&#215;300.jpg\u00a0\u00bb _builder_version=\u00a0\u00bb4.27.2&Prime; _module_preset=\u00a0\u00bbdefault\u00a0\u00bb header_text_align=\u00a0\u00bbcenter\u00a0\u00bb position_text_align=\u00a0\u00bbcenter\u00a0\u00bb position_text_color=\u00a0\u00bb#007aff\u00a0\u00bb global_colors_info=\u00a0\u00bb{}\u00a0\u00bb]<\/p>\n<p>Ing\u00e9nieur en informatique, il a bas\u00e9 sa carri\u00e8re professionnelle sur le d\u00e9veloppement d&rsquo;applications pour des secteurs tels que l&rsquo;a\u00e9ronautique, la tra\u00e7abilit\u00e9 alimentaire et la m\u00e9t\u00e9orologie. Athl\u00e8te de fond, il est titulaire d&rsquo;un dipl\u00f4me de moniteur d&rsquo;athl\u00e9tisme. <\/p>\n<p>[\/et_pb_team_member][\/et_pb_column][\/et_pb_row][et_pb_row column_structure=\u00a0\u00bb1_3,1_3,1_3&Prime; _builder_version=\u00a0\u00bb4.16&Prime; _module_preset=\u00a0\u00bbdefault\u00a0\u00bb global_colors_info=\u00a0\u00bb{}\u00a0\u00bb][et_pb_column type=\u00a0\u00bb1_3&Prime; _builder_version=\u00a0\u00bb4.16&Prime; _module_preset=\u00a0\u00bbdefault\u00a0\u00bb global_colors_info=\u00a0\u00bb{}\u00a0\u00bb][et_pb_team_member name=\u00a0\u00bbAinhoa Go\u00f1i Petrirena\u00a0\u00bb position=\u00a0\u00bbAssistant technologue en marketing\u00a0\u00bb image_url=\u00a0\u00bbhttps:\/\/vitalfit.app\/wp-content\/uploads\/2024\/10\/aihnoa_web308.jpg\u00a0\u00bb _builder_version=\u00a0\u00bb4.16&Prime; _module_preset=\u00a0\u00bbdefault\u00a0\u00bb header_text_align=\u00a0\u00bbcenter\u00a0\u00bb position_text_align=\u00a0\u00bbcenter\u00a0\u00bb position_text_color=\u00a0\u00bb#007aff\u00a0\u00bb global_colors_info=\u00a0\u00bb{}\u00a0\u00bb]<\/p>\n<p>Dipl\u00f4m\u00e9 en gestion commerciale et marketing (ESIC). 11 ans d&rsquo;exp\u00e9rience en tant qu&rsquo;entrepreneur dans le secteur de l&rsquo;entra\u00eenement personnel \u00e0 domicile. <\/p>\n<p>[\/et_pb_team_member][\/et_pb_column][et_pb_column type=\u00a0\u00bb1_3&Prime; _builder_version=\u00a0\u00bb4.16&Prime; _module_preset=\u00a0\u00bbdefault\u00a0\u00bb global_colors_info=\u00a0\u00bb{}\u00a0\u00bb][et_pb_team_member name=\u00a0\u00bbCarlos Cordente\u00a0\u00bb position=\u00a0\u00bbEntra\u00eeneur\u00a0\u00bb image_url=\u00a0\u00bbhttps:\/\/vitalfit.app\/wp-content\/uploads\/2024\/10\/carlos.jpg\u00a0\u00bb _builder_version=\u00a0\u00bb4.16&Prime; _module_preset=\u00a0\u00bbdefault\u00a0\u00bb header_text_align=\u00a0\u00bbcenter\u00a0\u00bb position_text_align=\u00a0\u00bbcenter\u00a0\u00bb position_text_color=\u00a0\u00bb#007aff\u00a0\u00bb global_colors_info=\u00a0\u00bb{}\u00a0\u00bb]<\/p>\n<p>Dipl\u00f4me et doctorat en sciences de l&rsquo;activit\u00e9 physique et du sport. Professeur titulaire \u00e0 la facult\u00e9 du CCAFD-INEF de l&rsquo;UPM et directeur du d\u00e9partement des sports. Directeur du Centre national d&rsquo;entra\u00eenement athl\u00e9tique de la RFEA.  <\/p>\n<p>[\/et_pb_team_member][\/et_pb_column][et_pb_column type=\u00a0\u00bb1_3&Prime; _builder_version=\u00a0\u00bb4.16&Prime; _module_preset=\u00a0\u00bbdefault\u00a0\u00bb global_colors_info=\u00a0\u00bb{}\u00a0\u00bb][et_pb_team_member name=\u00a0\u00bbMontserrat Fern\u00e1ndez Mulleras\u00a0\u00bb position=\u00a0\u00bbEntra\u00eeneur\u00a0\u00bb image_url=\u00a0\u00bbhttps:\/\/vitalfit.app\/wp-content\/uploads\/2024\/10\/montse_web.jpeg\u00a0\u00bb admin_label=\u00a0\u00bbPersona\u00a0\u00bb _builder_version=\u00a0\u00bb4.16&Prime; _module_preset=\u00a0\u00bbdefault\u00a0\u00bb header_text_align=\u00a0\u00bbcenter\u00a0\u00bb position_text_align=\u00a0\u00bbcenter\u00a0\u00bb position_text_color=\u00a0\u00bb#007aff\u00a0\u00bb global_colors_info=\u00a0\u00bb{}\u00a0\u00bb]<\/p>\n<p>Entra\u00eeneur national d&rsquo;athl\u00e9tisme (technicien sportif avanc\u00e9 de niveau III), dipl\u00f4m\u00e9 en enseignement, sp\u00e9cialis\u00e9 en \u00e9ducation physique, ancien athl\u00e8te international pour la RFEA.<\/p>\n<p>[\/et_pb_team_member][\/et_pb_column][\/et_pb_row][et_pb_row column_structure=\u00a0\u00bb1_3,1_3,1_3&Prime; _builder_version=\u00a0\u00bb4.16&Prime; _module_preset=\u00a0\u00bbdefault\u00a0\u00bb global_colors_info=\u00a0\u00bb{}\u00a0\u00bb][et_pb_column type=\u00a0\u00bb1_3&Prime; _builder_version=\u00a0\u00bb4.16&Prime; _module_preset=\u00a0\u00bbdefault\u00a0\u00bb global_colors_info=\u00a0\u00bb{}\u00a0\u00bb][et_pb_team_member name=\u00a0\u00bbVicente Moreno\u00a0\u00bb position=\u00a0\u00bbM\u00e9decin\u00a0\u00bb image_url=\u00a0\u00bbhttps:\/\/vitalfit.app\/wp-content\/uploads\/2024\/10\/vicente-1.jpg\u00a0\u00bb admin_label=\u00a0\u00bbPersona\u00a0\u00bb _builder_version=\u00a0\u00bb4.16&Prime; _module_preset=\u00a0\u00bbdefault\u00a0\u00bb header_text_align=\u00a0\u00bbcenter\u00a0\u00bb position_text_align=\u00a0\u00bbcenter\u00a0\u00bb position_text_color=\u00a0\u00bb#007aff\u00a0\u00bb global_colors_info=\u00a0\u00bb{}\u00a0\u00bb]<\/p>\n<p>Sp\u00e9cialiste en \u00e9ducation physique et en m\u00e9decine du sport \u00e0 l&rsquo;UCM, il est fonctionnaire de carri\u00e8re dans le corps des techniciens sup\u00e9rieurs de la sant\u00e9 publique de la Communaut\u00e9 de Madrid. Il a une grande exp\u00e9rience en tant que m\u00e9decin de la RFEA et de l&rsquo;acad\u00e9mie des jeunes du Real Madrid, C.F. <\/p>\n<p>[\/et_pb_team_member][\/et_pb_column][et_pb_column type=\u00a0\u00bb1_3&Prime; _builder_version=\u00a0\u00bb4.16&Prime; _module_preset=\u00a0\u00bbdefault\u00a0\u00bb global_colors_info=\u00a0\u00bb{}\u00a0\u00bb][\/et_pb_column][et_pb_column type=\u00a0\u00bb1_3&Prime; _builder_version=\u00a0\u00bb4.16&Prime; _module_preset=\u00a0\u00bbdefault\u00a0\u00bb global_colors_info=\u00a0\u00bb{}\u00a0\u00bb][et_pb_team_member name=\u00a0\u00bbDavid L\u00f3pez Capap\u00e9\u00a0\u00bb position=\u00a0\u00bbM\u00e9decin\u00a0\u00bb image_url=\u00a0\u00bbhttps:\/\/vitalfit.app\/wp-content\/uploads\/2024\/10\/capape-3.jpg\u00a0\u00bb _builder_version=\u00a0\u00bb4.16&Prime; _module_preset=\u00a0\u00bbdefault\u00a0\u00bb header_text_align=\u00a0\u00bbcenter\u00a0\u00bb position_text_align=\u00a0\u00bbcenter\u00a0\u00bb position_text_color=\u00a0\u00bb#007aff\u00a0\u00bb global_colors_info=\u00a0\u00bb{}\u00a0\u00bb]<\/p>\n<p>Docteur en m\u00e9decine et en chirurgie de l&rsquo;UCM, il travaille pour des cliniques telles que BiClinic et CEMTRO \u00e0 Madrid. Directeur m\u00e9dical du meeting international d&rsquo;athl\u00e9tisme de l&rsquo;IAAF \u00e0 Madrid. Membre de diff\u00e9rentes soci\u00e9t\u00e9s scientifiques, il a \u00e9t\u00e9 vice-champion d&rsquo;Espagne du 400 m haies et du 800 m sprint.  <\/p>\n<p>[\/et_pb_team_member][\/et_pb_column][\/et_pb_row][\/et_pb_section][et_pb_section fb_built=\u00a0\u00bb1&Prime; admin_label=\u00a0\u00bbCall to Action\u00a0\u00bb _builder_version=\u00a0\u00bb4.24.3&Prime; _module_preset=\u00a0\u00bbdefault\u00a0\u00bb background_enable_color=\u00a0\u00bboff\u00a0\u00bb use_background_color_gradient=\u00a0\u00bbon\u00a0\u00bb background_color_gradient_stops=\u00a0\u00bbrgba(0,0,0,0.5) 0%|rgba(0,0,0,0.5) 100%\u00a0\u00bb background_color_gradient_overlays_image=\u00a0\u00bbon\u00a0\u00bb background_image=\u00a0\u00bbhttps:\/\/images.unsplash.com\/photo-1517637633369-e4cc28755e01?ixid=M3w1ODkyNzF8MHwxfHNlYXJjaHwyfHxncm91cCUyMGZpdG5lc3MlMjBjbGFzc3xlbnwwfDB8fHwxNzI3OTcyNDM1fDA&#038;ixlib=rb-4.0.3&#038;fm=webp&#038;fit=crop&#038;crop=entropy&#038;w=1920&#038;h=1080&#038;q=20&#038;dpr=2&Prime; custom_padding=\u00a0\u00bb5vw||5vw||true|false\u00a0\u00bb locked=\u00a0\u00bboff\u00a0\u00bb collapsed=\u00a0\u00bbon\u00a0\u00bb global_colors_info=\u00a0\u00bb{%22gcid-36fd78a7-34bc-404d-873c-dafa34efaae5%22:%91%22background_color%22%93}\u00a0\u00bb][et_pb_row _builder_version=\u00a0\u00bb4.18.0&Prime; _module_preset=\u00a0\u00bb5138c454-be54-4233-bd3b-f8e6a8747976&Prime; global_colors_info=\u00a0\u00bb{}\u00a0\u00bb][et_pb_column type=\u00a0\u00bb4_4&Prime; _builder_version=\u00a0\u00bb4.18.0&Prime; _module_preset=\u00a0\u00bb73121f80-a3ef-4484-8763-c3f18e3c56d2&Prime; global_colors_info=\u00a0\u00bb{}\u00a0\u00bb][et_pb_cta title=\u00a0\u00bbNous vous accompagnons sur la voie d&apos;une meilleure sant\u00e9\u00a0\u00bb button_url=\u00a0\u00bbhttps:\/\/decacoaching.es\/suscripcion-a-vitalfit\/\u00a0\u00bb url_new_window=\u00a0\u00bbon\u00a0\u00bb button_text=\u00a0\u00bbS&rsquo;abonner\u00a0\u00bb _builder_version=\u00a0\u00bb4.27.4&Prime; _module_preset=\u00a0\u00bb4c2ad5d0-871e-414e-a4be-aa9134d4ae8e\u00a0\u00bb custom_padding=\u00a0\u00bb60px|60px|60px|60px|true|true\u00a0\u00bb custom_padding_tablet=\u00a0\u00bb30px|30px|30px|30px|true|true\u00a0\u00bb custom_padding_phone=\u00a0\u00bb20px|20px|20px|20px|true|true\u00a0\u00bb custom_padding_last_edited=\u00a0\u00bbon|desktop\u00a0\u00bb link_option_url=\u00a0\u00bbhttps:\/\/decacoaching.es\/suscripcion-a-vitalfit\/\u00a0\u00bb link_option_url_new_window=\u00a0\u00bbon\u00a0\u00bb locked=\u00a0\u00bboff\u00a0\u00bb global_colors_info=\u00a0\u00bb{%22gcid-f2943306-fa6c-45f0-b632-5fc00151366a%22:%91%22button_text_color%22%93,%22gcid-36fd78a7-34bc-404d-873c-dafa34efaae5%22:%91%22button_text_color%22,%22color%22,%22background_color%22%93,%22gcid-7cadd8b3-5228-48e4-90c4-212d09232f7b%22:%91%22color%22,%22color%22,%22color%22,%22color%22%93,%22gcid-f113ad93-2527-46d7-862b-fc71181c6b5e%22:%91%22border_color_all%22,%22border_color_all%22%93}\u00a0\u00bb text_font_size_tablet=\u00a0\u00bb16px\u00a0\u00bb text_font_size_phone=\u00a0\u00bb14px\u00a0\u00bb text_font_size_last_edited=\u00a0\u00bbon|phone\u00a0\u00bb]<\/p>\n<p>T\u00e9l\u00e9chargez l&rsquo;application Vitalfit d\u00e8s aujourd&rsquo;hui et commencez \u00e0 transformer votre vie gr\u00e2ce \u00e0 nos programmes de fitness personnalis\u00e9s. Quel que soit votre \u00e2ge ou votre niveau de forme, Vitalfit est l\u00e0 pour vous aider \u00e0 atteindre vos objectifs de sant\u00e9 &#8211; rejoignez notre communaut\u00e9 et d\u00e9couvrez comment nous pouvons vous accompagner sur la voie d&rsquo;un bien-\u00eatre optimal !  <\/p>\n<p>[\/et_pb_cta][\/et_pb_column][\/et_pb_row][\/et_pb_section]<\/p>\n","protected":false},"excerpt":{"rendered":"<p>D\u00e9couvrez les experts qui personnalisent et supervisent vos programmes d&rsquo;activit\u00e9 physique, en veillant \u00e0 ce qu&rsquo;ils soient adapt\u00e9s \u00e0 vos besoins individuels.Dipl\u00f4m\u00e9 en \u00e9tudes et techniques de march\u00e9 de l&rsquo;ICADE et en sociologie de l&rsquo;UCM, il a plus de 25 ans d&rsquo;exp\u00e9rience dans des soci\u00e9t\u00e9s d&rsquo;\u00e9tudes de march\u00e9 et, ces derni\u00e8res ann\u00e9es, dans l&rsquo;application de [&hellip;]<\/p>\n","protected":false},"author":1,"featured_media":0,"parent":0,"menu_order":10,"comment_status":"closed","ping_status":"closed","template":"","meta":{"_et_pb_use_builder":"on","_et_pb_old_content":"","_et_gb_content_width":"","footnotes":""},"class_list":["post-631","page","type-page","status-publish","hentry"],"_links":{"self":[{"href":"https:\/\/vitalfit.app\/fr\/wp-json\/wp\/v2\/pages\/631","targetHints":{"allow":["GET"]}}],"collection":[{"href":"https:\/\/vitalfit.app\/fr\/wp-json\/wp\/v2\/pages"}],"about":[{"href":"https:\/\/vitalfit.app\/fr\/wp-json\/wp\/v2\/types\/page"}],"author":[{"embeddable":true,"href":"https:\/\/vitalfit.app\/fr\/wp-json\/wp\/v2\/users\/1"}],"replies":[{"embeddable":true,"href":"https:\/\/vitalfit.app\/fr\/wp-json\/wp\/v2\/comments?post=631"}],"version-history":[{"count":4,"href":"https:\/\/vitalfit.app\/fr\/wp-json\/wp\/v2\/pages\/631\/revisions"}],"predecessor-version":[{"id":771,"href":"https:\/\/vitalfit.app\/fr\/wp-json\/wp\/v2\/pages\/631\/revisions\/771"}],"wp:attachment":[{"href":"https:\/\/vitalfit.app\/fr\/wp-json\/wp\/v2\/media?parent=631"}],"curies":[{"name":"wp","href":"https:\/\/api.w.org\/{rel}","templated":true}]}}