{"id":637,"date":"2024-09-29T20:57:48","date_gmt":"2024-09-29T20:57:48","guid":{"rendered":"https:\/\/vitalfit.app\/privacy-policy\/"},"modified":"2025-09-11T08:49:18","modified_gmt":"2025-09-11T08:49:18","slug":"privacy-policy","status":"publish","type":"page","link":"https:\/\/vitalfit.app\/en\/privacy-policy\/","title":{"rendered":"Privacy Policy"},"content":{"rendered":"&#13;\n<h1 class=\"wp-block-heading\">Privacy policy for Vitalfit<\/h1>&#13;\n<p>Al descargar la aplicaci\u00f3n de VITALFIT y al facilitarnos los datos de car\u00e1cter personal de cada usuario (el \u201cUsuario\u201d), DECACOACHING S.L. se encarga de su recepci\u00f3n con el debido cuidado y realiza su tratamiento con base en lo dispuesto en esta pol\u00edtica de privacidad.<\/p>&#13;\n<h4>1. PERSON IN CHARGE OF THE TREATMENT<\/h4>&#13;\n<p>El responsable del tratamiento de los datos personales que el usuario nos facilite es:<\/p>&#13;\n<ul>&#13;\n<li>Denominaci\u00f3n Social: DECACOACHING S.L.<\/li>&#13;\n<li>Domicilio Social: Calle Pablo VI Num9, 40141, Abades (Segovia)<\/li>&#13;\n<li>NIF: B40248601<\/li>&#13;\n<li>Registro: Tomo 274, libro 0, Secci\u00f3n 8, Folio 215, Hoja SG-6104, inscripci\u00f3n 1\u00aa<\/li>&#13;\n<\/ul>&#13;\n<h4>2. PURPOSE OF THE TREATMENT<\/h4>&#13;\n<p>Todos los datos bajo responsabilidad de DECACOACHING S.L. est\u00e1n protegidos por las debidas medidas de seguridad tanto t\u00e9cnicas como organizativas que garantizan la confidencialidad de los mismos en cumplimiento de la legislaci\u00f3n vigente en materia de protecci\u00f3n de datos. Los datos proporcionados por el usuario incluyen, en particular y sin tratarse de una lista cerrada, su informaci\u00f3n de contacto (nombre, apellidos, direcci\u00f3n de email y tel\u00e9fono para poder contactar con el usuario de forma r\u00e1pida en relaci\u00f3n a resolver preguntas sobre su plan de entrenamiento) fecha de nacimiento (para adecuar el plan de entrenamiento a la edad del usuario), datos biom\u00e9tricos y m\u00e9dicos (peso, talla, tensi\u00f3n arterial, frecuencia cardiaca, y otros datos necesarios para el dise\u00f1o de un plan de entrenamiento personalizado y seguro). Los datos personales que nos facilite ser\u00e1n dedicados principalmente a las siguientes finalidades:<\/p>&#13;\n<ul>&#13;\n<li>Gestionar la administraci\u00f3n general y el desarrollo de su relaci\u00f3n con DECACOACHING S.L.:<\/li>&#13;\n<\/ul>&#13;\n<p>Para gestionar su registro como usuario de la Plataforma. En caso de que decida registrarse como usuario en nuestra Plataforma, necesitamos tratar sus datos para identificarle como usuario de la misma y darle acceso a sus diferentes funcionalidades, productos y servicios que est\u00e1n a su disposici\u00f3n como usuario registrado. Puede cancelar su cuenta de usuario registrado contactando con nosotros a trav\u00e9s de la direcci\u00f3n de email: info@decacoaching.es.<\/p>&#13;\n<ul>&#13;\n<li>Para fines de investigaci\u00f3n:<\/li>&#13;\n<\/ul>&#13;\n<p>Al recoger los datos personales del usuario, \u00e9stos quedan incorporados a la base de datos general de DECACOACHING S.L. y podr\u00e1n ser utilizados para la realizaci\u00f3n de estudios estad\u00edsticos sobre el efecto del plan de entrenamiento en la mejora de la salud de los usuarios, los cuales podr\u00e1n ser publicados o presentados en revistas cient\u00edficas, congresos en cualquier formato, docencia,\u2026 siempre en el caso que el usuario haya dado su consentimiento marcando la casilla de aceptaci\u00f3n en el momento de la recogida de sus datos.<\/p>&#13;\n<ul>&#13;\n<li>An\u00e1lisis de usabilidad y de calidad:<\/li>&#13;\n<\/ul>&#13;\n<p>Para la mejora de nuestros servicios, si accede a nuestra Plataforma, le informamos de que trataremos sus datos de navegaci\u00f3n para fines anal\u00edticos y estad\u00edsticos, es decir, para entender la forma en la que los usuarios interact\u00faan con nuestra Plataforma y as\u00ed ser capaces de introducir mejoras en la misma.<\/p>&#13;\n<h4>3. BASIS OF LEGITIMACY<\/h4>&#13;\n<ul>&#13;\n<li>Para gestionar la administraci\u00f3n general y el desarrollo de su relaci\u00f3n con DECACOACHING S.L.<\/li>&#13;\n<\/ul>&#13;\n<p>La base jur\u00eddica del tratamiento es la ejecuci\u00f3n de la relaci\u00f3n contractual entre el Usuario y DECACOACHING S.L. siendo el tratamiento de los datos personales estrictamente necesario para poder utilizar la aplicaci\u00f3n Vitalfit y, por tanto, poder beneficiarse de los servicios que se ponen a disposici\u00f3n de los Usuarios a trav\u00e9s de la misma.<\/p>&#13;\n<ul>&#13;\n<li>Para fines de investigaci\u00f3n<\/li>&#13;\n<\/ul>&#13;\n<p>Consideramos que tenemos un inter\u00e9s leg\u00edtimo para realizar estudios estad\u00edsticos y epidemiol\u00f3gicos con la informaci\u00f3n que tenemos sobre los usuarios y los datos personales que nos han facilitado, ya que entendemos que el tratamiento de estos datos tambi\u00e9n resulta beneficioso para los usuarios porque les permite mejorar su experiencia como usuario y perfeccionar los servicios que ofrece la aplicaci\u00f3n.<\/p>&#13;\n<ul>&#13;\n<li>An\u00e1lisis de usabilidad y de calidad:<\/li>&#13;\n<\/ul>&#13;\n<p>Consideramos que tenemos un inter\u00e9s leg\u00edtimo para analizar la usabilidad de la Plataforma y el grado de satisfacci\u00f3n del usuario ya que entendemos que el tratamiento de estos datos tambi\u00e9n resulta beneficioso para ellos porque la finalidad es mejorar la experiencia del usuario y ofrecer un servicio de mayor calidad<\/p>&#13;\n<h4>4. WILL WE SHARE YOUR INFORMATION WITH THIRD PARTIES?<\/h4>&#13;\n<p>Los datos personales de los usuarios solamente ser\u00e1n utilizados para los fines anteriormente especificados. S\u00f3lo tendr\u00e1n acceso a los mismos aquellos terceros a los que DECACOACHING S.L. est\u00e9 legalmente obligada a facilitarlos y las empresas a las que se haya encomendado servicios tecnol\u00f3gicos, de atenci\u00f3n al cliente o de gesti\u00f3n interna. Para cumplir las finalidades indicadas en la presente Pol\u00edtica de Privacidad, es necesario que demos acceso a tus datos personales a terceras partes que nos prestan apoyo en los servicios que te ofrecemos, a saber:<\/p>&#13;\n<ul>&#13;\n<li>Proveedores de servicios tecnol\u00f3gicos. Microsoft, en calidad de proveedor de servicios de alojamiento, tendr\u00e1 acceso a las m\u00e1quinas en las que se guardan los datos.<\/li>&#13;\n<li>Google, en calidad de proveedor del sistema de distribuci\u00f3n \u201cGoogle Play\u201d, recupera estad\u00edsticas de uso anonimizadas y trazas de errores en la aplicaci\u00f3n para ponerlas a disposici\u00f3n de DECACOACHING S.L.<\/li>&#13;\n<\/ul>&#13;\n<h4>5. CONSERVATION PERIOD<\/h4>&#13;\n<p>DECACOACHING S.L. conserva los datos personales de los Usuarios mientras el Usuario ostente la condici\u00f3n de Usuario registrado de la aplicaci\u00f3n y posteriormente \u00fanicamente a los efectos de cumplir con sus obligaciones legales. Para la gesti\u00f3n del contrato de servicios solicitados trataremos sus datos durante el tiempo necesario para gestionar los servicios adquiridos, incluyendo posibles quejas o reclamaciones asociadas. Independientemente de lo anterior, trataremos sus datos durante el tiempo estrictamente necesario para cumplir con la finalidad correspondiente, los conservaremos posteriormente debidamente guardados y protegidos durante el tiempo en que pudieran surgir responsabilidades derivadas del tratamiento, en cumplimiento con la normativa vigente en cada momento. Una vez prescriban las posibles acciones en cada caso, procederemos a la supresi\u00f3n de los datos personales. En todo caso, cuando los datos personales no sean necesarios para el fin para el que fueron recabados y mientras no se proceda a la cancelaci\u00f3n definitiva de los mismos, se conservar\u00e1n bloqueados.<\/p>&#13;\n<h4>6. WHAT ARE YOUR RIGHTS WHEN YOU PROVIDE US WITH YOUR DATA?<\/h4>&#13;\n<p>En caso necesario, el usuario puede ejercer sin coste alguno sus derechos de acceso, rectificaci\u00f3n o supresi\u00f3n, limitaci\u00f3n de su tratamiento, oposici\u00f3n al tratamiento, as\u00ed como el derecho a la portabilidad de sus datos y a revocar el consentimiento prestado en relaci\u00f3n al uso de los mismos dirigi\u00e9ndose por escrito a DECACOACHING S.L. un e-mail a <a href=\"mailto:info@decacoaching.es\">info@decacoaching.es<\/a> indicando en el asunto del mensaje: Decacoaching S.L.-Pol\u00edtica privacidad. El usuario tambi\u00e9n podr\u00e1 presentar una reclamaci\u00f3n ante la autoridad de control competente: <strong>Agencia Espa\u00f1ola de Protecci\u00f3n de Datos.<\/strong> Por otra parte, cuando el tratamiento de sus datos est\u00e9 basado en nuestro inter\u00e9s leg\u00edtimo, tambi\u00e9n tendr\u00e1 derecho a oponerse al tratamiento de sus datos.<\/p>&#13;\n<h4>7. WHAT HAPPENS IF YOU PROVIDE US WITH THIRD PARTY DATA?<\/h4>&#13;\n<p>Si el usuario facilita datos personales de un tercero deber\u00e1, con car\u00e1cter previo a su inclusi\u00f3n, haberle informado y solicitado su consentimiento de los extremos aqu\u00ed expuestos, para que DECACOACHING S.L. los utilice para atender las solicitudes que el Usuario o dicho tercero nos plantee.<\/p>&#13;\n<h4>8. CHANGES IN THE PRIVACY POLICY<\/h4>&#13;\n<p>Esta pol\u00edtica de privacidad puede ser modificada peri\u00f3dicamente para adaptarse a nuevas situaciones y a la legislaci\u00f3n vigente, inform\u00e1ndose a los Usuarios al respecto.<\/p>&#13;\n","protected":false},"excerpt":{"rendered":"<p>&#13; Privacy policy for Vitalfit &#13; Al descargar la aplicaci\u00f3n de VITALFIT y al facilitarnos los datos de car\u00e1cter personal de cada usuario (el \u201cUsuario\u201d), DECACOACHING S.L. se encarga de su recepci\u00f3n con el debido cuidado y realiza su tratamiento con base en lo dispuesto en esta pol\u00edtica de privacidad. &#13; 1. PERSON IN CHARGE [&hellip;]<\/p>\n","protected":false},"author":1,"featured_media":0,"parent":0,"menu_order":100,"comment_status":"closed","ping_status":"closed","template":"","meta":{"_et_pb_use_builder":"off","_et_pb_old_content":"","_et_gb_content_width":"","footnotes":""},"class_list":["post-637","page","type-page","status-publish","hentry"],"_links":{"self":[{"href":"https:\/\/vitalfit.app\/en\/wp-json\/wp\/v2\/pages\/637","targetHints":{"allow":["GET"]}}],"collection":[{"href":"https:\/\/vitalfit.app\/en\/wp-json\/wp\/v2\/pages"}],"about":[{"href":"https:\/\/vitalfit.app\/en\/wp-json\/wp\/v2\/types\/page"}],"author":[{"embeddable":true,"href":"https:\/\/vitalfit.app\/en\/wp-json\/wp\/v2\/users\/1"}],"replies":[{"embeddable":true,"href":"https:\/\/vitalfit.app\/en\/wp-json\/wp\/v2\/comments?post=637"}],"version-history":[{"count":5,"href":"https:\/\/vitalfit.app\/en\/wp-json\/wp\/v2\/pages\/637\/revisions"}],"predecessor-version":[{"id":671,"href":"https:\/\/vitalfit.app\/en\/wp-json\/wp\/v2\/pages\/637\/revisions\/671"}],"wp:attachment":[{"href":"https:\/\/vitalfit.app\/en\/wp-json\/wp\/v2\/media?parent=637"}],"curies":[{"name":"wp","href":"https:\/\/api.w.org\/{rel}","templated":true}]}}